{"id":749,"date":"2025-10-28T18:22:37","date_gmt":"2025-10-28T18:22:37","guid":{"rendered":"https:\/\/tjaccoaxaca.gob.mx\/inicio\/?page_id=749"},"modified":"2025-10-28T18:26:46","modified_gmt":"2025-10-28T18:26:46","slug":"transparencia-comunes-8-remuneracion","status":"publish","type":"page","link":"https:\/\/tjaccoaxaca.gob.mx\/inicio\/transparencia-comunes-8-remuneracion\/","title":{"rendered":"VIII &#8211; Remuneracion Bruta y Neta"},"content":{"rendered":"\n<div class=\"transparencia-table\">\n\n    <!-- Header -->\n    <div class=\"transparencia-row transparencia-header\">\n      <div class=\"transparencia-cell\">Inciso<\/div>\n      <div class=\"transparencia-cell\">Descripci\u00f3n<\/div>\n      <div class=\"transparencia-cell\">A\u00f1o<\/div>\n      <div class=\"transparencia-cell\">Acci\u00f3n<\/div>\n    <\/div>\n\n    <!-- Rows -->\n    <div class=\"transparencia-row\">\n      <div class=\"transparencia-cell\" data-label=\"Inciso\">a<\/div>\n      <div class=\"transparencia-cell\" data-label=\"Descripci\u00f3n\">Remuneraci\u00f3n bruta y neta<\/div>\n      <div class=\"transparencia-cell\" data-label=\"A\u00f1o\">2025<\/div>\n   <div class=\"transparencia-cell\" data-label=\"Acci\u00f3n\"><a class=\"transparencia-action\" href=\"\/transparencia-assets\/2025\/obligaciones_comunes\/fviii-a)_remuneracion_bruta_y_neta.xls\">Descargar<\/a><\/div>\n<\/div>\n <div class=\"transparencia-row\">\n      <div class=\"transparencia-cell\" data-label=\"Inciso\">b<\/div>\n      <div class=\"transparencia-cell\" data-label=\"Descripci\u00f3n\">Tabulador de sueldos y salarios<\/div>\n      <div class=\"transparencia-cell\" data-label=\"A\u00f1o\">2025<\/div>\n   <div class=\"transparencia-cell\" data-label=\"Acci\u00f3n\"><a class=\"transparencia-action\" href=\"\/transparencia-assets\/2025\/obligaciones_comunes\/fviii-b)_tabulador_de_sueldos_y_salarios.xls\">Descargar<\/a><\/div>\n  <\/div>\n","protected":false},"excerpt":{"rendered":"<p>Inciso Descripci\u00f3n A\u00f1o Acci\u00f3n a Remuneraci\u00f3n bruta y neta 2025 Descargar b Tabulador de sueldos y salarios 2025 Descargar<\/p>\n","protected":false},"author":2,"featured_media":0,"parent":0,"menu_order":0,"comment_status":"closed","ping_status":"closed","template":"","meta":{"footnotes":""},"_links":{"self":[{"href":"https:\/\/tjaccoaxaca.gob.mx\/inicio\/wp-json\/wp\/v2\/pages\/749"}],"collection":[{"href":"https:\/\/tjaccoaxaca.gob.mx\/inicio\/wp-json\/wp\/v2\/pages"}],"about":[{"href":"https:\/\/tjaccoaxaca.gob.mx\/inicio\/wp-json\/wp\/v2\/types\/page"}],"author":[{"embeddable":true,"href":"https:\/\/tjaccoaxaca.gob.mx\/inicio\/wp-json\/wp\/v2\/users\/2"}],"replies":[{"embeddable":true,"href":"https:\/\/tjaccoaxaca.gob.mx\/inicio\/wp-json\/wp\/v2\/comments?post=749"}],"version-history":[{"count":3,"href":"https:\/\/tjaccoaxaca.gob.mx\/inicio\/wp-json\/wp\/v2\/pages\/749\/revisions"}],"predecessor-version":[{"id":753,"href":"https:\/\/tjaccoaxaca.gob.mx\/inicio\/wp-json\/wp\/v2\/pages\/749\/revisions\/753"}],"wp:attachment":[{"href":"https:\/\/tjaccoaxaca.gob.mx\/inicio\/wp-json\/wp\/v2\/media?parent=749"}],"curies":[{"name":"wp","href":"https:\/\/api.w.org\/{rel}","templated":true}]}}