{"id":775,"date":"2025-10-28T19:23:58","date_gmt":"2025-10-28T19:23:58","guid":{"rendered":"https:\/\/tjaccoaxaca.gob.mx\/inicio\/?page_id=775"},"modified":"2025-10-28T19:24:30","modified_gmt":"2025-10-28T19:24:30","slug":"transparencia-comunes-20-tramites","status":"publish","type":"page","link":"https:\/\/tjaccoaxaca.gob.mx\/inicio\/transparencia-comunes-20-tramites\/","title":{"rendered":"XX &#8211; Tramites, Requisitos y Formatos"},"content":{"rendered":"\n<div class=\"transparencia-table\">\n\n    <!-- Header -->\n    <div class=\"transparencia-row transparencia-header\">\n      <div class=\"transparencia-cell\">Inciso<\/div>\n      <div class=\"transparencia-cell\">Descripci\u00f3n<\/div>\n      <div class=\"transparencia-cell\">A\u00f1o<\/div>\n      <div class=\"transparencia-cell\">Acci\u00f3n<\/div>\n    <\/div>\n\n    <!-- Rows -->\n    <div class=\"transparencia-row\">\n      <div class=\"transparencia-cell\" data-label=\"Inciso\">&#8211;<\/div>\n      <div class=\"transparencia-cell\" data-label=\"Descripci\u00f3n\">Tramites, Requisitos y Formatos<\/div>\n      <div class=\"transparencia-cell\" data-label=\"A\u00f1o\">2025<\/div>\n   <div class=\"transparencia-cell\" data-label=\"Acci\u00f3n\"><a class=\"transparencia-action\" href=\"\/transparencia-assets\/2025\/obligaciones_comunes\/fxx-_tramites_requisitos_y_formatos.xls\">Descargar<\/a><\/div>\n<\/div>\n\n","protected":false},"excerpt":{"rendered":"<p>Inciso Descripci\u00f3n A\u00f1o Acci\u00f3n &#8211; Tramites, Requisitos y Formatos 2025 Descargar<\/p>\n","protected":false},"author":2,"featured_media":0,"parent":0,"menu_order":0,"comment_status":"closed","ping_status":"closed","template":"","meta":{"footnotes":""},"_links":{"self":[{"href":"https:\/\/tjaccoaxaca.gob.mx\/inicio\/wp-json\/wp\/v2\/pages\/775"}],"collection":[{"href":"https:\/\/tjaccoaxaca.gob.mx\/inicio\/wp-json\/wp\/v2\/pages"}],"about":[{"href":"https:\/\/tjaccoaxaca.gob.mx\/inicio\/wp-json\/wp\/v2\/types\/page"}],"author":[{"embeddable":true,"href":"https:\/\/tjaccoaxaca.gob.mx\/inicio\/wp-json\/wp\/v2\/users\/2"}],"replies":[{"embeddable":true,"href":"https:\/\/tjaccoaxaca.gob.mx\/inicio\/wp-json\/wp\/v2\/comments?post=775"}],"version-history":[{"count":2,"href":"https:\/\/tjaccoaxaca.gob.mx\/inicio\/wp-json\/wp\/v2\/pages\/775\/revisions"}],"predecessor-version":[{"id":777,"href":"https:\/\/tjaccoaxaca.gob.mx\/inicio\/wp-json\/wp\/v2\/pages\/775\/revisions\/777"}],"wp:attachment":[{"href":"https:\/\/tjaccoaxaca.gob.mx\/inicio\/wp-json\/wp\/v2\/media?parent=775"}],"curies":[{"name":"wp","href":"https:\/\/api.w.org\/{rel}","templated":true}]}}