{"id":799,"date":"2025-11-03T15:48:16","date_gmt":"2025-11-03T15:48:16","guid":{"rendered":"https:\/\/tjaccoaxaca.gob.mx\/inicio\/?page_id=799"},"modified":"2025-11-03T15:48:30","modified_gmt":"2025-11-03T15:48:30","slug":"transparencia-comunes-28-procedimientos","status":"publish","type":"page","link":"https:\/\/tjaccoaxaca.gob.mx\/inicio\/transparencia-comunes-28-procedimientos\/","title":{"rendered":"XXVIII &#8211; Procedimientos de Contrataci\u00f3n P\u00fablica"},"content":{"rendered":"\n<p><\/p>\n\n\n\n<div class=\"transparencia-table\">\n\n    <!-- Header -->\n    <div class=\"transparencia-row transparencia-header\">\n      <div class=\"transparencia-cell\">Inciso<\/div>\n      <div class=\"transparencia-cell\">Descripci\u00f3n<\/div>\n      <div class=\"transparencia-cell\">A\u00f1o<\/div>\n      <div class=\"transparencia-cell\">Acci\u00f3n<\/div>\n    <\/div>\n\n    <!-- Rows -->\n    <div class=\"transparencia-row\">\n      <div class=\"transparencia-cell\" data-label=\"Inciso\">&#8211;<\/div>\n      <div class=\"transparencia-cell\" data-label=\"Descripci\u00f3n\">Contratos de obras, bienes y servicios<\/div>\n      <div class=\"transparencia-cell\" data-label=\"A\u00f1o\">2025<\/div>\n   <div class=\"transparencia-cell\" data-label=\"Acci\u00f3n\"><a class=\"transparencia-action\" href=\"\/transparencia-assets\/2025\/obligaciones_comunes\/fxxviii-_contratos_de_obras_,_bienes_y_servicios.xls\">Descargar<\/a><\/div>\n\n<\/div>\n","protected":false},"excerpt":{"rendered":"<p>Inciso Descripci\u00f3n A\u00f1o Acci\u00f3n &#8211; Contratos de obras, bienes y servicios 2025 Descargar<\/p>\n","protected":false},"author":2,"featured_media":0,"parent":0,"menu_order":0,"comment_status":"closed","ping_status":"closed","template":"","meta":{"footnotes":""},"_links":{"self":[{"href":"https:\/\/tjaccoaxaca.gob.mx\/inicio\/wp-json\/wp\/v2\/pages\/799"}],"collection":[{"href":"https:\/\/tjaccoaxaca.gob.mx\/inicio\/wp-json\/wp\/v2\/pages"}],"about":[{"href":"https:\/\/tjaccoaxaca.gob.mx\/inicio\/wp-json\/wp\/v2\/types\/page"}],"author":[{"embeddable":true,"href":"https:\/\/tjaccoaxaca.gob.mx\/inicio\/wp-json\/wp\/v2\/users\/2"}],"replies":[{"embeddable":true,"href":"https:\/\/tjaccoaxaca.gob.mx\/inicio\/wp-json\/wp\/v2\/comments?post=799"}],"version-history":[{"count":2,"href":"https:\/\/tjaccoaxaca.gob.mx\/inicio\/wp-json\/wp\/v2\/pages\/799\/revisions"}],"predecessor-version":[{"id":804,"href":"https:\/\/tjaccoaxaca.gob.mx\/inicio\/wp-json\/wp\/v2\/pages\/799\/revisions\/804"}],"wp:attachment":[{"href":"https:\/\/tjaccoaxaca.gob.mx\/inicio\/wp-json\/wp\/v2\/media?parent=799"}],"curies":[{"name":"wp","href":"https:\/\/api.w.org\/{rel}","templated":true}]}}