{"id":807,"date":"2025-11-03T15:55:32","date_gmt":"2025-11-03T15:55:32","guid":{"rendered":"https:\/\/tjaccoaxaca.gob.mx\/inicio\/?page_id=807"},"modified":"2025-11-03T15:55:33","modified_gmt":"2025-11-03T15:55:33","slug":"transparencia-comunes-32-padron","status":"publish","type":"page","link":"https:\/\/tjaccoaxaca.gob.mx\/inicio\/transparencia-comunes-32-padron\/","title":{"rendered":"XXXII &#8211; Padr\u00f3n de Proveedores y Contratistas"},"content":{"rendered":"\n<div class=\"transparencia-table\">\n\n    <!-- Header -->\n    <div class=\"transparencia-row transparencia-header\">\n      <div class=\"transparencia-cell\">Inciso<\/div>\n      <div class=\"transparencia-cell\">Descripci\u00f3n<\/div>\n      <div class=\"transparencia-cell\">A\u00f1o<\/div>\n      <div class=\"transparencia-cell\">Acci\u00f3n<\/div>\n    <\/div>\n\n    <!-- Rows -->\n    <div class=\"transparencia-row\">\n      <div class=\"transparencia-cell\" data-label=\"Inciso\">&#8211;<\/div>\n      <div class=\"transparencia-cell\" data-label=\"Descripci\u00f3n\">Padr\u00f3n de proveedores y contratistas<\/div>\n      <div class=\"transparencia-cell\" data-label=\"A\u00f1o\">2025<\/div>\n   <div class=\"transparencia-cell\" data-label=\"Acci\u00f3n\"><a class=\"transparencia-action\" href=\"\/transparencia-assets\/2025\/obligaciones_comunes\/fxxxii-padron_de_proveedores_y_contratistas.xls\">Descargar<\/a><\/div>\n\n<\/div>\n","protected":false},"excerpt":{"rendered":"<p>Inciso Descripci\u00f3n A\u00f1o Acci\u00f3n &#8211; Padr\u00f3n de proveedores y contratistas 2025 Descargar<\/p>\n","protected":false},"author":2,"featured_media":0,"parent":0,"menu_order":0,"comment_status":"closed","ping_status":"closed","template":"","meta":{"footnotes":""},"_links":{"self":[{"href":"https:\/\/tjaccoaxaca.gob.mx\/inicio\/wp-json\/wp\/v2\/pages\/807"}],"collection":[{"href":"https:\/\/tjaccoaxaca.gob.mx\/inicio\/wp-json\/wp\/v2\/pages"}],"about":[{"href":"https:\/\/tjaccoaxaca.gob.mx\/inicio\/wp-json\/wp\/v2\/types\/page"}],"author":[{"embeddable":true,"href":"https:\/\/tjaccoaxaca.gob.mx\/inicio\/wp-json\/wp\/v2\/users\/2"}],"replies":[{"embeddable":true,"href":"https:\/\/tjaccoaxaca.gob.mx\/inicio\/wp-json\/wp\/v2\/comments?post=807"}],"version-history":[{"count":1,"href":"https:\/\/tjaccoaxaca.gob.mx\/inicio\/wp-json\/wp\/v2\/pages\/807\/revisions"}],"predecessor-version":[{"id":808,"href":"https:\/\/tjaccoaxaca.gob.mx\/inicio\/wp-json\/wp\/v2\/pages\/807\/revisions\/808"}],"wp:attachment":[{"href":"https:\/\/tjaccoaxaca.gob.mx\/inicio\/wp-json\/wp\/v2\/media?parent=807"}],"curies":[{"name":"wp","href":"https:\/\/api.w.org\/{rel}","templated":true}]}}