{"id":817,"date":"2025-11-03T16:11:08","date_gmt":"2025-11-03T16:11:08","guid":{"rendered":"https:\/\/tjaccoaxaca.gob.mx\/inicio\/?page_id=817"},"modified":"2025-11-03T16:11:09","modified_gmt":"2025-11-03T16:11:09","slug":"transparencia-comunes-36-resoluciones","status":"publish","type":"page","link":"https:\/\/tjaccoaxaca.gob.mx\/inicio\/transparencia-comunes-36-resoluciones\/","title":{"rendered":"XXXVI &#8211; Resoluciones y Laudos Laborables"},"content":{"rendered":"\n<div class=\"transparencia-table\">\n\n    <!-- Header -->\n    <div class=\"transparencia-row transparencia-header\">\n      <div class=\"transparencia-cell\">Inciso<\/div>\n      <div class=\"transparencia-cell\">Descripci\u00f3n<\/div>\n      <div class=\"transparencia-cell\">A\u00f1o<\/div>\n      <div class=\"transparencia-cell\">Acci\u00f3n<\/div>\n    <\/div>\n\n    <!-- Rows -->\n    <div class=\"transparencia-row\">\n      <div class=\"transparencia-cell\" data-label=\"Inciso\">&#8211;<\/div>\n      <div class=\"transparencia-cell\" data-label=\"Descripci\u00f3n\">Resoluciones emitidas<\/div>\n      <div class=\"transparencia-cell\" data-label=\"A\u00f1o\">2025<\/div>\n<div class=\"transparencia-cell\" data-label=\"Acci\u00f3n\"><a class=\"transparencia-action\" href=\"\/transparencia-assets\/2025\/obligaciones_comunes\/fxxxvi-resoluciones_emitidas.xls\">Descargar<\/a><\/div>\n<\/div>\n\n","protected":false},"excerpt":{"rendered":"<p>Inciso Descripci\u00f3n A\u00f1o Acci\u00f3n &#8211; Resoluciones emitidas 2025 Descargar<\/p>\n","protected":false},"author":2,"featured_media":0,"parent":0,"menu_order":0,"comment_status":"closed","ping_status":"closed","template":"","meta":{"footnotes":""},"_links":{"self":[{"href":"https:\/\/tjaccoaxaca.gob.mx\/inicio\/wp-json\/wp\/v2\/pages\/817"}],"collection":[{"href":"https:\/\/tjaccoaxaca.gob.mx\/inicio\/wp-json\/wp\/v2\/pages"}],"about":[{"href":"https:\/\/tjaccoaxaca.gob.mx\/inicio\/wp-json\/wp\/v2\/types\/page"}],"author":[{"embeddable":true,"href":"https:\/\/tjaccoaxaca.gob.mx\/inicio\/wp-json\/wp\/v2\/users\/2"}],"replies":[{"embeddable":true,"href":"https:\/\/tjaccoaxaca.gob.mx\/inicio\/wp-json\/wp\/v2\/comments?post=817"}],"version-history":[{"count":1,"href":"https:\/\/tjaccoaxaca.gob.mx\/inicio\/wp-json\/wp\/v2\/pages\/817\/revisions"}],"predecessor-version":[{"id":818,"href":"https:\/\/tjaccoaxaca.gob.mx\/inicio\/wp-json\/wp\/v2\/pages\/817\/revisions\/818"}],"wp:attachment":[{"href":"https:\/\/tjaccoaxaca.gob.mx\/inicio\/wp-json\/wp\/v2\/media?parent=817"}],"curies":[{"name":"wp","href":"https:\/\/api.w.org\/{rel}","templated":true}]}}